{"id":68,"date":"2024-05-14T16:19:53","date_gmt":"2024-05-14T14:19:53","guid":{"rendered":"https:\/\/tflottahu.rwpstaging.site\/?page_id=68"},"modified":"2025-04-22T22:54:26","modified_gmt":"2025-04-22T20:54:26","slug":"ceges-csapatepites","status":"publish","type":"page","link":"https:\/\/tflotta.hu\/sk\/ceges-csapatepites\/","title":{"rendered":"Budovanie firemn\u00e9ho t\u00edmu"},"content":{"rendered":"","protected":false},"excerpt":{"rendered":"","protected":false},"author":1,"featured_media":0,"parent":0,"menu_order":0,"comment_status":"closed","ping_status":"closed","template":"","meta":{"footnotes":""},"categories":[18],"class_list":["post-68","page","type-page","status-publish","hentry","category-csapatepites"],"acpt":{"meta":[{"meta_box":"kartya-infok","meta_fields":[{"name":"kartya-pozicio","type":"Number","options":[],"value":null,"default":"","required":false,"showInAdmin":false},{"name":"kartya-cim","type":"Text","options":[],"value":null,"default":"","required":false,"showInAdmin":false},{"name":"leiras","type":"Textarea","options":[],"value":"Legyen sz\u00f3 csapat\u00e9p\u00edt\u00e9sr\u0151l vagy b\u00e1rmilyen t\u00edpus\u00fa c\u00e9ges rendezv\u00e9nyr\u0151l haj\u00f3nk fed\u00e9lzetei k\u00e9szen \u00e1llnak. A Talizm\u00e1nok elt\u00e9r\u0151 kialak\u00edt\u00e1sa miatt, mindig a megfelel\u0151 haj\u00f3t tudjuk biztos\u00edtani a rendezv\u00e9nyre.","default":"","required":false,"showInAdmin":false},{"name":"kep","type":"Image","options":[],"value":null,"default":"","required":false,"showInAdmin":false}]},{"meta_box":"hajoberles-arak-oldalak","meta_fields":[{"name":"felnot-ar","type":"Text","options":[],"value":null,"default":"","required":false,"showInAdmin":false},{"name":"gyerek-2-14-ev","type":"Text","options":[],"value":null,"default":"","required":false,"showInAdmin":false},{"name":"gyerek-2-alatt","type":"Text","options":[],"value":null,"default":"","required":false,"showInAdmin":false}]}]},"_links":{"self":[{"href":"https:\/\/tflotta.hu\/sk\/wp-json\/wp\/v2\/pages\/68","targetHints":{"allow":["GET"]}}],"collection":[{"href":"https:\/\/tflotta.hu\/sk\/wp-json\/wp\/v2\/pages"}],"about":[{"href":"https:\/\/tflotta.hu\/sk\/wp-json\/wp\/v2\/types\/page"}],"author":[{"embeddable":true,"href":"https:\/\/tflotta.hu\/sk\/wp-json\/wp\/v2\/users\/1"}],"replies":[{"embeddable":true,"href":"https:\/\/tflotta.hu\/sk\/wp-json\/wp\/v2\/comments?post=68"}],"version-history":[{"count":1,"href":"https:\/\/tflotta.hu\/sk\/wp-json\/wp\/v2\/pages\/68\/revisions"}],"predecessor-version":[{"id":1811,"href":"https:\/\/tflotta.hu\/sk\/wp-json\/wp\/v2\/pages\/68\/revisions\/1811"}],"wp:attachment":[{"href":"https:\/\/tflotta.hu\/sk\/wp-json\/wp\/v2\/media?parent=68"}],"wp:term":[{"taxonomy":"category","embeddable":true,"href":"https:\/\/tflotta.hu\/sk\/wp-json\/wp\/v2\/categories?post=68"}],"curies":[{"name":"wp","href":"https:\/\/api.w.org\/{rel}","templated":true}]}}