{"id":56,"date":"2024-05-14T15:44:09","date_gmt":"2024-05-14T13:44:09","guid":{"rendered":"https:\/\/tflottahu.rwpstaging.site\/?page_id=56"},"modified":"2025-08-04T11:20:36","modified_gmt":"2025-08-04T09:20:36","slug":"gyerekprogram","status":"publish","type":"page","link":"https:\/\/tflotta.hu\/sk\/gyerekprogram\/","title":{"rendered":"Pir\u00e1tsky program pre deti"},"content":{"rendered":"","protected":false},"excerpt":{"rendered":"","protected":false},"author":1,"featured_media":378,"parent":0,"menu_order":0,"comment_status":"closed","ping_status":"closed","template":"","meta":{"footnotes":""},"categories":[16],"class_list":["post-56","page","type-page","status-publish","has-post-thumbnail","hentry","category-balatoni-programok"],"acpt":{"meta":[{"meta_box":"kartya-infok","meta_fields":[{"name":"kartya-pozicio","type":"Number","options":[],"value":"1","default":"","required":false,"showInAdmin":false},{"name":"kartya-cim","type":"Text","options":[],"value":"Talizm\u00e1n kal\u00f3zhaj\u00f3","default":"","required":false,"showInAdmin":false},{"name":"leiras","type":"Textarea","options":[],"value":"Interakt\u00edv gyerekprogramunk minden koroszt\u00e1ly sz\u00e1m\u00e1ra \u00e9lm\u00e9ny ny\u00fajt. Az 1 \u00f3r\u00e1s haj\u00fat sor\u00e1n Anim\u00e1toraink kal\u00f3z \u00e9s sell\u0151 kik\u00e9pz\u00e9st - showm\u0171sort tartanak. N\u00e1lunk mindenki kal\u00f3zjelmezt kap \u00e9s kardot ragadhat.","default":"","required":false,"showInAdmin":false},{"name":"kep","type":"Image","options":[],"value":"https:\/\/tflotta.hu\/wp-content\/uploads\/2024\/06\/gyerekprogram.webp","default":"","required":false,"showInAdmin":false}]},{"meta_box":"hajoberles-arak-oldalak","meta_fields":[{"name":"felnot-ar","type":"Text","options":[],"value":"6500","default":"","required":false,"showInAdmin":false},{"name":"gyerek-2-14-ev","type":"Text","options":[],"value":"5900","default":"","required":false,"showInAdmin":false},{"name":"gyerek-2-alatt","type":"Text","options":[],"value":"Nagyobb \u00e9rt\u00e9k\u0171 v\u00e1s\u00e1rl\u00e1skor kedvezm\u00e9nyt biztos\u00edt a rendszer.. Foglaljon Online.","default":"","required":false,"showInAdmin":false}]}]},"_links":{"self":[{"href":"https:\/\/tflotta.hu\/sk\/wp-json\/wp\/v2\/pages\/56","targetHints":{"allow":["GET"]}}],"collection":[{"href":"https:\/\/tflotta.hu\/sk\/wp-json\/wp\/v2\/pages"}],"about":[{"href":"https:\/\/tflotta.hu\/sk\/wp-json\/wp\/v2\/types\/page"}],"author":[{"embeddable":true,"href":"https:\/\/tflotta.hu\/sk\/wp-json\/wp\/v2\/users\/1"}],"replies":[{"embeddable":true,"href":"https:\/\/tflotta.hu\/sk\/wp-json\/wp\/v2\/comments?post=56"}],"version-history":[{"count":16,"href":"https:\/\/tflotta.hu\/sk\/wp-json\/wp\/v2\/pages\/56\/revisions"}],"predecessor-version":[{"id":2288,"href":"https:\/\/tflotta.hu\/sk\/wp-json\/wp\/v2\/pages\/56\/revisions\/2288"}],"wp:featuredmedia":[{"embeddable":true,"href":"https:\/\/tflotta.hu\/sk\/wp-json\/wp\/v2\/media\/378"}],"wp:attachment":[{"href":"https:\/\/tflotta.hu\/sk\/wp-json\/wp\/v2\/media?parent=56"}],"wp:term":[{"taxonomy":"category","embeddable":true,"href":"https:\/\/tflotta.hu\/sk\/wp-json\/wp\/v2\/categories?post=56"}],"curies":[{"name":"wp","href":"https:\/\/api.w.org\/{rel}","templated":true}]}}