{"id":54,"date":"2024-05-14T15:43:47","date_gmt":"2024-05-14T13:43:47","guid":{"rendered":"https:\/\/tflottahu.rwpstaging.site\/?page_id=54"},"modified":"2025-08-21T09:18:22","modified_gmt":"2025-08-21T07:18:22","slug":"setahajozas","status":"publish","type":"page","link":"https:\/\/tflotta.hu\/sk\/setahajozas\/","title":{"rendered":"Plavby lo\u010fou - Golden Bridge"},"content":{"rendered":"","protected":false},"excerpt":{"rendered":"","protected":false},"author":1,"featured_media":381,"parent":0,"menu_order":0,"comment_status":"closed","ping_status":"closed","template":"","meta":{"footnotes":""},"categories":[16],"class_list":["post-54","page","type-page","status-publish","has-post-thumbnail","hentry","category-balatoni-programok"],"acpt":{"meta":[{"meta_box":"kartya-infok","meta_fields":[{"name":"kartya-pozicio","type":"Number","options":[],"value":"4","default":"","required":false,"showInAdmin":false},{"name":"kartya-cim","type":"Text","options":[],"value":"Aranyh\u00edd s\u00e9tahaj\u00f3z\u00e1s","default":"","required":false,"showInAdmin":false},{"name":"leiras","type":"Textarea","options":[],"value":"A haj\u00f3z\u00e1si id\u00e9ny alatt, minden \u00e9rdekl\u0151d\u0151t v\u00e1r a Balaton egyik legnagyobb vitorl\u00e1s haj\u00f3ja a si\u00f3foki kik\u00f6t\u0151ben, aranyh\u00edd \u00e9s s\u00e9tahaj\u00f3 kir\u00e1ndul\u00e1sokra. Tartson vel\u00fcnk haj\u00f3kir\u00e1ndul\u00e1sainkon, \u00e9rezze \u00e1t a vitorl\u00e1z\u00e1s izgalm\u00e1t \u00e9s sz\u00e9ps\u00e9g\u00e9t! Haj\u00f3inkon egyed\u00fcl\u00e1ll\u00f3 \u00e9lm\u00e9nyben r\u00e9szes\u00fclnek.","default":"","required":false,"showInAdmin":false},{"name":"kep","type":"Image","options":[],"value":"https:\/\/tflotta.hu\/wp-content\/uploads\/2024\/06\/setahajo.webp","default":"","required":false,"showInAdmin":false}]},{"meta_box":"hajoberles-arak-oldalak","meta_fields":[{"name":"felnot-ar","type":"Text","options":[],"value":"Kik\u00f6t\u0151ben 6500 Ft ; Online: 3900 Ft.","default":"","required":false,"showInAdmin":false},{"name":"gyerek-2-14-ev","type":"Text","options":[],"value":"Kik\u00f6t\u0151ben: 5900 Ft. ; Online: 2500 Ft.","default":"","required":false,"showInAdmin":false},{"name":"gyerek-2-alatt","type":"Text","options":[],"value":"ingyenes","default":"","required":false,"showInAdmin":false}]}]},"_links":{"self":[{"href":"https:\/\/tflotta.hu\/sk\/wp-json\/wp\/v2\/pages\/54","targetHints":{"allow":["GET"]}}],"collection":[{"href":"https:\/\/tflotta.hu\/sk\/wp-json\/wp\/v2\/pages"}],"about":[{"href":"https:\/\/tflotta.hu\/sk\/wp-json\/wp\/v2\/types\/page"}],"author":[{"embeddable":true,"href":"https:\/\/tflotta.hu\/sk\/wp-json\/wp\/v2\/users\/1"}],"replies":[{"embeddable":true,"href":"https:\/\/tflotta.hu\/sk\/wp-json\/wp\/v2\/comments?post=54"}],"version-history":[{"count":28,"href":"https:\/\/tflotta.hu\/sk\/wp-json\/wp\/v2\/pages\/54\/revisions"}],"predecessor-version":[{"id":2315,"href":"https:\/\/tflotta.hu\/sk\/wp-json\/wp\/v2\/pages\/54\/revisions\/2315"}],"wp:featuredmedia":[{"embeddable":true,"href":"https:\/\/tflotta.hu\/sk\/wp-json\/wp\/v2\/media\/381"}],"wp:attachment":[{"href":"https:\/\/tflotta.hu\/sk\/wp-json\/wp\/v2\/media?parent=54"}],"wp:term":[{"taxonomy":"category","embeddable":true,"href":"https:\/\/tflotta.hu\/sk\/wp-json\/wp\/v2\/categories?post=54"}],"curies":[{"name":"wp","href":"https:\/\/api.w.org\/{rel}","templated":true}]}}