{"id":52,"date":"2024-05-14T15:43:21","date_gmt":"2024-05-14T13:43:21","guid":{"rendered":"https:\/\/tflottahu.rwpstaging.site\/?page_id=52"},"modified":"2025-07-31T13:16:35","modified_gmt":"2025-07-31T11:16:35","slug":"balatoni-hajozas","status":"publish","type":"page","link":"https:\/\/tflotta.hu\/sk\/balatoni-hajozas\/","title":{"rendered":"Plavba po Balatone - prehliadka pri z\u00e1pade slnka"},"content":{"rendered":"","protected":false},"excerpt":{"rendered":"","protected":false},"author":1,"featured_media":0,"parent":0,"menu_order":0,"comment_status":"closed","ping_status":"closed","template":"","meta":{"footnotes":""},"categories":[16],"class_list":["post-52","page","type-page","status-publish","hentry","category-balatoni-programok"],"acpt":{"meta":[{"meta_box":"kartya-infok","meta_fields":[{"name":"kartya-pozicio","type":"Number","options":[],"value":"5","default":"","required":false,"showInAdmin":false},{"name":"kartya-cim","type":"Text","options":[],"value":"Naplemente t\u00fara","default":"","required":false,"showInAdmin":false},{"name":"leiras","type":"Textarea","options":[],"value":"Minden este 1 \u00f3r\u00e1s naplemente haj\u00f3kir\u00e1ndul\u00e1sra v\u00e1rjuk utasainkat a Si\u00f3foki haj\u00f3\u00e1llom\u00e1s 8-as \u00e1ll\u00e1s\u00e1ra. Csod\u00e1lja meg a Balatont a Talizm\u00e1n haj\u00f3 fed\u00e9lzet\u00e9r\u0151l.","default":"","required":false,"showInAdmin":false},{"name":"kep","type":"Image","options":[],"value":"https:\/\/tflotta.hu\/wp-content\/uploads\/2024\/06\/naplemente-balatonon.webp","default":"","required":false,"showInAdmin":false}]},{"meta_box":"hajoberles-arak-oldalak","meta_fields":[{"name":"felnot-ar","type":"Text","options":[],"value":"Helysz\u00edni v\u00e1s\u00e1rl\u00e1s 6500 Ft ; Online id\u0151pontra: 3900 Ft","default":"","required":false,"showInAdmin":false},{"name":"gyerek-2-14-ev","type":"Text","options":[],"value":"Helysz\u00edni v\u00e1s\u00e1rl\u00e1s 5900 Ft ; Online id\u0151pontra: 2500 Ft","default":"","required":false,"showInAdmin":false},{"name":"gyerek-2-alatt","type":"Text","options":[],"value":null,"default":"","required":false,"showInAdmin":false}]}]},"_links":{"self":[{"href":"https:\/\/tflotta.hu\/sk\/wp-json\/wp\/v2\/pages\/52","targetHints":{"allow":["GET"]}}],"collection":[{"href":"https:\/\/tflotta.hu\/sk\/wp-json\/wp\/v2\/pages"}],"about":[{"href":"https:\/\/tflotta.hu\/sk\/wp-json\/wp\/v2\/types\/page"}],"author":[{"embeddable":true,"href":"https:\/\/tflotta.hu\/sk\/wp-json\/wp\/v2\/users\/1"}],"replies":[{"embeddable":true,"href":"https:\/\/tflotta.hu\/sk\/wp-json\/wp\/v2\/comments?post=52"}],"version-history":[{"count":9,"href":"https:\/\/tflotta.hu\/sk\/wp-json\/wp\/v2\/pages\/52\/revisions"}],"predecessor-version":[{"id":2269,"href":"https:\/\/tflotta.hu\/sk\/wp-json\/wp\/v2\/pages\/52\/revisions\/2269"}],"wp:attachment":[{"href":"https:\/\/tflotta.hu\/sk\/wp-json\/wp\/v2\/media?parent=52"}],"wp:term":[{"taxonomy":"category","embeddable":true,"href":"https:\/\/tflotta.hu\/sk\/wp-json\/wp\/v2\/categories?post=52"}],"curies":[{"name":"wp","href":"https:\/\/api.w.org\/{rel}","templated":true}]}}