{"id":50,"date":"2024-05-14T15:42:53","date_gmt":"2024-05-14T13:42:53","guid":{"rendered":"https:\/\/tflottahu.rwpstaging.site\/?page_id=50"},"modified":"2025-07-31T13:13:24","modified_gmt":"2025-07-31T11:13:24","slug":"kisvonat","status":"publish","type":"page","link":"https:\/\/tflotta.hu\/sk\/kisvonat\/","title":{"rendered":"Mal\u00e9 vlaky"},"content":{"rendered":"","protected":false},"excerpt":{"rendered":"","protected":false},"author":1,"featured_media":380,"parent":0,"menu_order":0,"comment_status":"closed","ping_status":"closed","template":"","meta":{"footnotes":""},"categories":[16],"class_list":["post-50","page","type-page","status-publish","has-post-thumbnail","hentry","category-balatoni-programok"],"acpt":{"meta":[{"meta_box":"kartya-infok","meta_fields":[{"name":"kartya-pozicio","type":"Number","options":[],"value":"3","default":"","required":false,"showInAdmin":false},{"name":"kartya-cim","type":"Text","options":[],"value":"V\u00e1rosn\u00e9z\u0151 Kisvonat.","default":"","required":false,"showInAdmin":false},{"name":"leiras","type":"Textarea","options":[],"value":"Fedezd fel a Balaton f\u0151v\u00e1ros\u00e1t!\r\nDotto Hop on - Hop off kisvonat a Si\u00f3fokon tart\u00f3zkod\u00f3 vend\u00e9gek egyik kedvenc k\u00f6zleked\u00e9si eszk\u00f6ze, emellett az audio guide szolg\u00e1ltat\u00e1ssal m\u0171k\u00f6d\u0151 v\u00e1rosn\u00e9z\u00e9s a m\u00e1sik f\u0151 funkci\u00f3ja. Egy jeggyel adott nap t\u00f6bbsz\u00f6r ig\u00e9nybe lehet venni.","default":"","required":false,"showInAdmin":false},{"name":"kep","type":"Image","options":[],"value":"https:\/\/tflotta.hu\/wp-content\/uploads\/2024\/06\/kisvonat-siofok.webp","default":"","required":false,"showInAdmin":false}]},{"meta_box":"hajoberles-arak-oldalak","meta_fields":[{"name":"felnot-ar","type":"Text","options":[],"value":"3500","default":"","required":false,"showInAdmin":false},{"name":"gyerek-2-14-ev","type":"Text","options":[],"value":"3000","default":"","required":false,"showInAdmin":false},{"name":"gyerek-2-alatt","type":"Text","options":[],"value":null,"default":"","required":false,"showInAdmin":false}]}]},"_links":{"self":[{"href":"https:\/\/tflotta.hu\/sk\/wp-json\/wp\/v2\/pages\/50","targetHints":{"allow":["GET"]}}],"collection":[{"href":"https:\/\/tflotta.hu\/sk\/wp-json\/wp\/v2\/pages"}],"about":[{"href":"https:\/\/tflotta.hu\/sk\/wp-json\/wp\/v2\/types\/page"}],"author":[{"embeddable":true,"href":"https:\/\/tflotta.hu\/sk\/wp-json\/wp\/v2\/users\/1"}],"replies":[{"embeddable":true,"href":"https:\/\/tflotta.hu\/sk\/wp-json\/wp\/v2\/comments?post=50"}],"version-history":[{"count":39,"href":"https:\/\/tflotta.hu\/sk\/wp-json\/wp\/v2\/pages\/50\/revisions"}],"predecessor-version":[{"id":2266,"href":"https:\/\/tflotta.hu\/sk\/wp-json\/wp\/v2\/pages\/50\/revisions\/2266"}],"wp:featuredmedia":[{"embeddable":true,"href":"https:\/\/tflotta.hu\/sk\/wp-json\/wp\/v2\/media\/380"}],"wp:attachment":[{"href":"https:\/\/tflotta.hu\/sk\/wp-json\/wp\/v2\/media?parent=50"}],"wp:term":[{"taxonomy":"category","embeddable":true,"href":"https:\/\/tflotta.hu\/sk\/wp-json\/wp\/v2\/categories?post=50"}],"curies":[{"name":"wp","href":"https:\/\/api.w.org\/{rel}","templated":true}]}}