{"id":46,"date":"2024-05-14T13:13:49","date_gmt":"2024-05-14T11:13:49","guid":{"rendered":"https:\/\/tflottahu.rwpstaging.site\/?page_id=46"},"modified":"2026-03-11T14:00:47","modified_gmt":"2026-03-11T13:00:47","slug":"vitorlas-berles","status":"publish","type":"page","link":"https:\/\/tflotta.hu\/sk\/vitorlas-berles\/","title":{"rendered":"Pren\u00e1jom plachetnice s kapit\u00e1nom"},"content":{"rendered":"","protected":false},"excerpt":{"rendered":"","protected":false},"author":1,"featured_media":0,"parent":0,"menu_order":0,"comment_status":"closed","ping_status":"closed","template":"","meta":{"footnotes":""},"categories":[16,8],"class_list":["post-46","page","type-page","status-publish","hentry","category-balatoni-programok","category-hajoberles"],"acpt":{"meta":[{"meta_box":"kartya-infok","meta_fields":[{"name":"kartya-pozicio","type":"Number","options":[],"value":"10","default":"","required":false,"showInAdmin":false},{"name":"kartya-cim","type":"Text","options":[],"value":"Vitorl\u00e1s b\u00e9rl\u00e9s kapit\u00e1nnyal","default":"","required":false,"showInAdmin":false},{"name":"leiras","type":"Textarea","options":[],"value":"A nagyk\u00f6z\u00f6ns\u00e9g sz\u00e1m\u00e1ra, haj\u00f3vezet\u0151i enged\u00e9llyel nem rendelkez\u0151knek k\u00edn\u00e1ljuk a priv\u00e1t vitorl\u00e1z\u00e1st 1-11 f\u0151vel \u00e9s a kapit\u00e1nyt mi adjuk. Belek\u00f3stolhatnak\u00a0 a vitorl\u00e1z\u00e1sba - haj\u00f3vezet\u00e9sbe oktat\u00e1ssal, f\u00fcr\u00f6dhetnek, \u00fcnnepelhetnek vitorl\u00e1s haj\u00f3inkon ak\u00e1r csak 2 \u00f3r\u00e1ban is.","default":"","required":false,"showInAdmin":false},{"name":"kep","type":"Image","options":[],"value":"https:\/\/tflotta.hu\/wp-content\/uploads\/2025\/04\/vitorlasberles-balatonfureden-box.webp","default":"","required":false,"showInAdmin":false}]},{"meta_box":"hajoberles-arak-oldalak","meta_fields":[{"name":"felnot-ar","type":"Text","options":[],"value":null,"default":"","required":false,"showInAdmin":false},{"name":"gyerek-2-14-ev","type":"Text","options":[],"value":null,"default":"","required":false,"showInAdmin":false},{"name":"gyerek-2-alatt","type":"Text","options":[],"value":null,"default":"","required":false,"showInAdmin":false}]}]},"_links":{"self":[{"href":"https:\/\/tflotta.hu\/sk\/wp-json\/wp\/v2\/pages\/46","targetHints":{"allow":["GET"]}}],"collection":[{"href":"https:\/\/tflotta.hu\/sk\/wp-json\/wp\/v2\/pages"}],"about":[{"href":"https:\/\/tflotta.hu\/sk\/wp-json\/wp\/v2\/types\/page"}],"author":[{"embeddable":true,"href":"https:\/\/tflotta.hu\/sk\/wp-json\/wp\/v2\/users\/1"}],"replies":[{"embeddable":true,"href":"https:\/\/tflotta.hu\/sk\/wp-json\/wp\/v2\/comments?post=46"}],"version-history":[{"count":20,"href":"https:\/\/tflotta.hu\/sk\/wp-json\/wp\/v2\/pages\/46\/revisions"}],"predecessor-version":[{"id":2362,"href":"https:\/\/tflotta.hu\/sk\/wp-json\/wp\/v2\/pages\/46\/revisions\/2362"}],"wp:attachment":[{"href":"https:\/\/tflotta.hu\/sk\/wp-json\/wp\/v2\/media?parent=46"}],"wp:term":[{"taxonomy":"category","embeddable":true,"href":"https:\/\/tflotta.hu\/sk\/wp-json\/wp\/v2\/categories?post=46"}],"curies":[{"name":"wp","href":"https:\/\/api.w.org\/{rel}","templated":true}]}}