{"id":35,"date":"2024-05-14T13:08:01","date_gmt":"2024-05-14T11:08:01","guid":{"rendered":"https:\/\/tflottahu.rwpstaging.site\/?page_id=35"},"modified":"2025-07-13T08:26:02","modified_gmt":"2025-07-13T06:26:02","slug":"vitorlas_kirandulas","status":"publish","type":"page","link":"https:\/\/tflotta.hu\/sk\/vitorlas_kirandulas\/","title":{"rendered":"Pren\u00e1jom lod\u00ed nad 11 os\u00f4b."},"content":{"rendered":"","protected":false},"excerpt":{"rendered":"","protected":false},"author":1,"featured_media":379,"parent":0,"menu_order":0,"comment_status":"closed","ping_status":"closed","template":"","meta":{"footnotes":""},"categories":[16,8,17],"class_list":["post-35","page","type-page","status-publish","has-post-thumbnail","hentry","category-balatoni-programok","category-hajoberles","category-rendezvenyek"],"acpt":{"meta":[{"meta_box":"kartya-infok","meta_fields":[{"name":"kartya-pozicio","type":"Number","options":[],"value":"13","default":"","required":false,"showInAdmin":false},{"name":"kartya-cim","type":"Text","options":[],"value":"Talizm\u00e1n haj\u00f3b\u00e9rl\u00e9sek","default":"","required":false,"showInAdmin":false},{"name":"leiras","type":"Textarea","options":[],"value":"A 11 f\u0151 feletti csoportoknak ha egy haj\u00f3n, egy\u00fctt szeretn\u00e9nek lenni, akkor a Talizm\u00e1n haj\u00f3inkat aj\u00e1nljuk. A k\u00e9nyelmes k\u00e9t \u00e1rbocos haj\u00f3kon t\u00f6bb kieg\u00e9sz\u00edt\u0151 szolg\u00e1ltat\u00e1st is ig\u00e9nybe tudnak venni: grillez\u00e9s a Balaton k\u00f6zep\u00e9n, csapat\u00e9p\u00edt\u00e9sek, italcsomagok....","default":"","required":false,"showInAdmin":false},{"name":"kep","type":"Image","options":[],"value":"https:\/\/tflotta.hu\/wp-content\/uploads\/2025\/02\/rendezvenyhajo.webp","default":"","required":false,"showInAdmin":false}]},{"meta_box":"hajoberles-arak-oldalak","meta_fields":[{"name":"felnot-ar","type":"Text","options":[],"value":null,"default":"","required":false,"showInAdmin":false},{"name":"gyerek-2-14-ev","type":"Text","options":[],"value":null,"default":"","required":false,"showInAdmin":false},{"name":"gyerek-2-alatt","type":"Text","options":[],"value":null,"default":"","required":false,"showInAdmin":false}]}]},"_links":{"self":[{"href":"https:\/\/tflotta.hu\/sk\/wp-json\/wp\/v2\/pages\/35","targetHints":{"allow":["GET"]}}],"collection":[{"href":"https:\/\/tflotta.hu\/sk\/wp-json\/wp\/v2\/pages"}],"about":[{"href":"https:\/\/tflotta.hu\/sk\/wp-json\/wp\/v2\/types\/page"}],"author":[{"embeddable":true,"href":"https:\/\/tflotta.hu\/sk\/wp-json\/wp\/v2\/users\/1"}],"replies":[{"embeddable":true,"href":"https:\/\/tflotta.hu\/sk\/wp-json\/wp\/v2\/comments?post=35"}],"version-history":[{"count":9,"href":"https:\/\/tflotta.hu\/sk\/wp-json\/wp\/v2\/pages\/35\/revisions"}],"predecessor-version":[{"id":2171,"href":"https:\/\/tflotta.hu\/sk\/wp-json\/wp\/v2\/pages\/35\/revisions\/2171"}],"wp:featuredmedia":[{"embeddable":true,"href":"https:\/\/tflotta.hu\/sk\/wp-json\/wp\/v2\/media\/379"}],"wp:attachment":[{"href":"https:\/\/tflotta.hu\/sk\/wp-json\/wp\/v2\/media?parent=35"}],"wp:term":[{"taxonomy":"category","embeddable":true,"href":"https:\/\/tflotta.hu\/sk\/wp-json\/wp\/v2\/categories?post=35"}],"curies":[{"name":"wp","href":"https:\/\/api.w.org\/{rel}","templated":true}]}}