{"id":107,"date":"2024-05-21T11:34:28","date_gmt":"2024-05-21T09:34:28","guid":{"rendered":"https:\/\/tflottahu.rwpstaging.site\/?page_id=107"},"modified":"2025-04-22T23:01:13","modified_gmt":"2025-04-22T21:01:13","slug":"trening","status":"publish","type":"page","link":"https:\/\/tflotta.hu\/sk\/csapatepites\/trening\/","title":{"rendered":"\u0160kolenie"},"content":{"rendered":"","protected":false},"excerpt":{"rendered":"","protected":false},"author":1,"featured_media":0,"parent":24,"menu_order":0,"comment_status":"closed","ping_status":"closed","template":"","meta":{"footnotes":""},"categories":[18],"class_list":["post-107","page","type-page","status-publish","hentry","category-csapatepites"],"acpt":{"meta":[{"meta_box":"kartya-infok","meta_fields":[{"name":"kartya-pozicio","type":"Number","options":[],"value":null,"default":"","required":false,"showInAdmin":false},{"name":"kartya-cim","type":"Text","options":[],"value":null,"default":"","required":false,"showInAdmin":false},{"name":"leiras","type":"Textarea","options":[],"value":"A hagyom\u00e1nyosabb nagyobb l\u00e9tsz\u00e1m\u00fa csapat\u00e9p\u00edt\u00e9seken k\u00edv\u00fcl, kisebb l\u00e9tsz\u00e1m\u00fa speci\u00e1lis tr\u00e9ningekre is ide\u00e1lis v\u00e1laszt\u00e1s vagyunk, legyen sz\u00f3 vezet\u0151i kompetenciafejleszt\u00e9sr\u0151l, coachingr\u00f3l vagy ak\u00e1r egy AC-r\u00f3l.","default":"","required":false,"showInAdmin":false},{"name":"kep","type":"Image","options":[],"value":null,"default":"","required":false,"showInAdmin":false}]},{"meta_box":"hajoberles-arak-oldalak","meta_fields":[{"name":"felnot-ar","type":"Text","options":[],"value":null,"default":"","required":false,"showInAdmin":false},{"name":"gyerek-2-14-ev","type":"Text","options":[],"value":null,"default":"","required":false,"showInAdmin":false},{"name":"gyerek-2-alatt","type":"Text","options":[],"value":null,"default":"","required":false,"showInAdmin":false}]}]},"_links":{"self":[{"href":"https:\/\/tflotta.hu\/sk\/wp-json\/wp\/v2\/pages\/107","targetHints":{"allow":["GET"]}}],"collection":[{"href":"https:\/\/tflotta.hu\/sk\/wp-json\/wp\/v2\/pages"}],"about":[{"href":"https:\/\/tflotta.hu\/sk\/wp-json\/wp\/v2\/types\/page"}],"author":[{"embeddable":true,"href":"https:\/\/tflotta.hu\/sk\/wp-json\/wp\/v2\/users\/1"}],"replies":[{"embeddable":true,"href":"https:\/\/tflotta.hu\/sk\/wp-json\/wp\/v2\/comments?post=107"}],"version-history":[{"count":2,"href":"https:\/\/tflotta.hu\/sk\/wp-json\/wp\/v2\/pages\/107\/revisions"}],"predecessor-version":[{"id":1816,"href":"https:\/\/tflotta.hu\/sk\/wp-json\/wp\/v2\/pages\/107\/revisions\/1816"}],"up":[{"embeddable":true,"href":"https:\/\/tflotta.hu\/sk\/wp-json\/wp\/v2\/pages\/24"}],"wp:attachment":[{"href":"https:\/\/tflotta.hu\/sk\/wp-json\/wp\/v2\/media?parent=107"}],"wp:term":[{"taxonomy":"category","embeddable":true,"href":"https:\/\/tflotta.hu\/sk\/wp-json\/wp\/v2\/categories?post=107"}],"curies":[{"name":"wp","href":"https:\/\/api.w.org\/{rel}","templated":true}]}}