{"id":93,"date":"2024-05-21T11:22:34","date_gmt":"2024-05-21T09:22:34","guid":{"rendered":"https:\/\/tflottahu.rwpstaging.site\/?page_id=93"},"modified":"2025-07-31T13:09:34","modified_gmt":"2025-07-31T11:09:34","slug":"speed-boat","status":"publish","type":"page","link":"https:\/\/tflotta.hu\/pl\/speed-boat\/","title":{"rendered":"Pr\u0119dko\u015b\u0107 \u0142odzi motorowej"},"content":{"rendered":"","protected":false},"excerpt":{"rendered":"","protected":false},"author":1,"featured_media":384,"parent":0,"menu_order":0,"comment_status":"closed","ping_status":"closed","template":"","meta":{"footnotes":""},"categories":[16,9],"class_list":["post-93","page","type-page","status-publish","has-post-thumbnail","hentry","category-balatoni-programok","category-vizitaxi_hajo_berles"],"acpt":{"meta":[{"meta_box":"kartya-infok","meta_fields":[{"name":"kartya-pozicio","type":"Number","options":[],"value":"2","default":"","required":false,"showInAdmin":false},{"name":"kartya-cim","type":"Text","options":[],"value":"Motorcs\u00f3nakos t\u00fara","default":"","required":false,"showInAdmin":false},{"name":"leiras","type":"Textarea","options":[],"value":"Valami izgalmasra v\u00e1gysz? Gyere \u00e9s pr\u00f3b\u00e1ld ki a 320 l\u00f3er\u0151s motorcs\u00f3nakunkat mik\u00f6zben sz\u00e1guld a Balatonon. \u00c9rezd a sebess\u00e9get, vezesd Te a speed boat-ot. Garant\u00e1lt \u00e9lm\u00e9ny!","default":"","required":false,"showInAdmin":false},{"name":"kep","type":"Image","options":[],"value":"https:\/\/tflotta.hu\/wp-content\/uploads\/2024\/06\/balaton-motorcsonak.webp","default":"","required":false,"showInAdmin":false}]},{"meta_box":"hajoberles-arak-oldalak","meta_fields":[{"name":"felnot-ar","type":"Text","options":[],"value":"6500","default":"","required":false,"showInAdmin":false},{"name":"gyerek-2-14-ev","type":"Text","options":[],"value":"5900","default":"","required":false,"showInAdmin":false},{"name":"gyerek-2-alatt","type":"Text","options":[],"value":"Nagyobb \u00e9rt\u00e9k\u0171 v\u00e1s\u00e1rl\u00e1sokor kedvezm\u00e9nyt biztos\u00edt a rendszer. Foglaljon Online.","default":"","required":false,"showInAdmin":false}]}]},"_links":{"self":[{"href":"https:\/\/tflotta.hu\/pl\/wp-json\/wp\/v2\/pages\/93","targetHints":{"allow":["GET"]}}],"collection":[{"href":"https:\/\/tflotta.hu\/pl\/wp-json\/wp\/v2\/pages"}],"about":[{"href":"https:\/\/tflotta.hu\/pl\/wp-json\/wp\/v2\/types\/page"}],"author":[{"embeddable":true,"href":"https:\/\/tflotta.hu\/pl\/wp-json\/wp\/v2\/users\/1"}],"replies":[{"embeddable":true,"href":"https:\/\/tflotta.hu\/pl\/wp-json\/wp\/v2\/comments?post=93"}],"version-history":[{"count":10,"href":"https:\/\/tflotta.hu\/pl\/wp-json\/wp\/v2\/pages\/93\/revisions"}],"predecessor-version":[{"id":2260,"href":"https:\/\/tflotta.hu\/pl\/wp-json\/wp\/v2\/pages\/93\/revisions\/2260"}],"wp:featuredmedia":[{"embeddable":true,"href":"https:\/\/tflotta.hu\/pl\/wp-json\/wp\/v2\/media\/384"}],"wp:attachment":[{"href":"https:\/\/tflotta.hu\/pl\/wp-json\/wp\/v2\/media?parent=93"}],"wp:term":[{"taxonomy":"category","embeddable":true,"href":"https:\/\/tflotta.hu\/pl\/wp-json\/wp\/v2\/categories?post=93"}],"curies":[{"name":"wp","href":"https:\/\/api.w.org\/{rel}","templated":true}]}}