{"id":79,"date":"2024-05-14T16:23:07","date_gmt":"2024-05-14T14:23:07","guid":{"rendered":"https:\/\/tflottahu.rwpstaging.site\/?page_id=79"},"modified":"2025-04-22T23:05:28","modified_gmt":"2025-04-22T21:05:28","slug":"eskuvo","status":"publish","type":"page","link":"https:\/\/tflotta.hu\/pl\/eskuvo\/","title":{"rendered":"\u015alub"},"content":{"rendered":"","protected":false},"excerpt":{"rendered":"","protected":false},"author":1,"featured_media":0,"parent":0,"menu_order":0,"comment_status":"closed","ping_status":"closed","template":"","meta":{"footnotes":""},"categories":[17],"class_list":["post-79","page","type-page","status-publish","hentry","category-rendezvenyek"],"acpt":{"meta":[{"meta_box":"kartya-infok","meta_fields":[{"name":"kartya-pozicio","type":"Number","options":[],"value":null,"default":"","required":false,"showInAdmin":false},{"name":"kartya-cim","type":"Text","options":[],"value":null,"default":"","required":false,"showInAdmin":false},{"name":"leiras","type":"Textarea","options":[],"value":"T\u00fcrkizk\u00e9k v\u00edz \u00e9s A felejthetetlen nagy nap!\r\nBalatoni csomagunk exclusive megval\u00f3s\u00edt\u00e1sa si\u00f3foki haj\u00f3s \u00e9s parti rendezv\u00e9nyhelysz\u00ednt, sz\u00e1ll\u00e1st \u00e9s \u00fcnnepi vacsor\u00e1t is mag\u00e1ba foglal.","default":"","required":false,"showInAdmin":false},{"name":"kep","type":"Image","options":[],"value":"https:\/\/tflotta.hu\/wp-content\/uploads\/2024\/06\/eskuvo-balatonon.webp","default":"","required":false,"showInAdmin":false}]},{"meta_box":"hajoberles-arak-oldalak","meta_fields":[{"name":"felnot-ar","type":"Text","options":[],"value":null,"default":"","required":false,"showInAdmin":false},{"name":"gyerek-2-14-ev","type":"Text","options":[],"value":null,"default":"","required":false,"showInAdmin":false},{"name":"gyerek-2-alatt","type":"Text","options":[],"value":null,"default":"","required":false,"showInAdmin":false}]}]},"_links":{"self":[{"href":"https:\/\/tflotta.hu\/pl\/wp-json\/wp\/v2\/pages\/79","targetHints":{"allow":["GET"]}}],"collection":[{"href":"https:\/\/tflotta.hu\/pl\/wp-json\/wp\/v2\/pages"}],"about":[{"href":"https:\/\/tflotta.hu\/pl\/wp-json\/wp\/v2\/types\/page"}],"author":[{"embeddable":true,"href":"https:\/\/tflotta.hu\/pl\/wp-json\/wp\/v2\/users\/1"}],"replies":[{"embeddable":true,"href":"https:\/\/tflotta.hu\/pl\/wp-json\/wp\/v2\/comments?post=79"}],"version-history":[{"count":1,"href":"https:\/\/tflotta.hu\/pl\/wp-json\/wp\/v2\/pages\/79\/revisions"}],"predecessor-version":[{"id":1818,"href":"https:\/\/tflotta.hu\/pl\/wp-json\/wp\/v2\/pages\/79\/revisions\/1818"}],"wp:attachment":[{"href":"https:\/\/tflotta.hu\/pl\/wp-json\/wp\/v2\/media?parent=79"}],"wp:term":[{"taxonomy":"category","embeddable":true,"href":"https:\/\/tflotta.hu\/pl\/wp-json\/wp\/v2\/categories?post=79"}],"curies":[{"name":"wp","href":"https:\/\/api.w.org\/{rel}","templated":true}]}}