{"id":76,"date":"2024-05-14T16:22:29","date_gmt":"2024-05-14T14:22:29","guid":{"rendered":"https:\/\/tflottahu.rwpstaging.site\/?page_id=76"},"modified":"2026-03-10T11:25:15","modified_gmt":"2026-03-10T10:25:15","slug":"lanybucsu-balaton","status":"publish","type":"page","link":"https:\/\/tflotta.hu\/pl\/lanybucsu-balaton\/","title":{"rendered":"Babski wiecz\u00f3r"},"content":{"rendered":"","protected":false},"excerpt":{"rendered":"","protected":false},"author":1,"featured_media":0,"parent":0,"menu_order":0,"comment_status":"closed","ping_status":"closed","template":"","meta":{"footnotes":""},"categories":[17],"class_list":["post-76","page","type-page","status-publish","hentry","category-rendezvenyek"],"acpt":{"meta":[{"meta_box":"kartya-infok","meta_fields":[{"name":"kartya-pozicio","type":"Number","options":[],"value":null,"default":"","required":false,"showInAdmin":false},{"name":"kartya-cim","type":"Text","options":[],"value":null,"default":"","required":false,"showInAdmin":false},{"name":"leiras","type":"Textarea","options":[],"value":"B\u00edzd r\u00e1nk magad! Csak Ti \u00e9s a Balaton! Zene, bor \u00e9s naps\u00fct\u00e9s garant\u00e1lja a fergeteges sz\u00f3rakoz\u00e1st!","default":"","required":false,"showInAdmin":false},{"name":"kep","type":"Image","options":[],"value":"https:\/\/tflotta.hu\/wp-content\/uploads\/2024\/06\/lanybucsu-balatonon.webp","default":"","required":false,"showInAdmin":false}]},{"meta_box":"hajoberles-arak-oldalak","meta_fields":[{"name":"felnot-ar","type":"Text","options":[],"value":null,"default":"","required":false,"showInAdmin":false},{"name":"gyerek-2-14-ev","type":"Text","options":[],"value":null,"default":"","required":false,"showInAdmin":false},{"name":"gyerek-2-alatt","type":"Text","options":[],"value":null,"default":"","required":false,"showInAdmin":false}]}]},"_links":{"self":[{"href":"https:\/\/tflotta.hu\/pl\/wp-json\/wp\/v2\/pages\/76","targetHints":{"allow":["GET"]}}],"collection":[{"href":"https:\/\/tflotta.hu\/pl\/wp-json\/wp\/v2\/pages"}],"about":[{"href":"https:\/\/tflotta.hu\/pl\/wp-json\/wp\/v2\/types\/page"}],"author":[{"embeddable":true,"href":"https:\/\/tflotta.hu\/pl\/wp-json\/wp\/v2\/users\/1"}],"replies":[{"embeddable":true,"href":"https:\/\/tflotta.hu\/pl\/wp-json\/wp\/v2\/comments?post=76"}],"version-history":[{"count":4,"href":"https:\/\/tflotta.hu\/pl\/wp-json\/wp\/v2\/pages\/76\/revisions"}],"predecessor-version":[{"id":2349,"href":"https:\/\/tflotta.hu\/pl\/wp-json\/wp\/v2\/pages\/76\/revisions\/2349"}],"wp:attachment":[{"href":"https:\/\/tflotta.hu\/pl\/wp-json\/wp\/v2\/media?parent=76"}],"wp:term":[{"taxonomy":"category","embeddable":true,"href":"https:\/\/tflotta.hu\/pl\/wp-json\/wp\/v2\/categories?post=76"}],"curies":[{"name":"wp","href":"https:\/\/api.w.org\/{rel}","templated":true}]}}