{"id":62,"date":"2024-05-14T15:54:19","date_gmt":"2024-05-14T13:54:19","guid":{"rendered":"https:\/\/tflottahu.rwpstaging.site\/?page_id=62"},"modified":"2025-04-22T23:16:24","modified_gmt":"2025-04-22T21:16:24","slug":"hajokirandulas","status":"publish","type":"page","link":"https:\/\/tflotta.hu\/pl\/hajokirandulas\/","title":{"rendered":"Wycieczki \u0142odzi\u0105 - P\u0142ywanie z grillem"},"content":{"rendered":"","protected":false},"excerpt":{"rendered":"","protected":false},"author":1,"featured_media":383,"parent":0,"menu_order":0,"comment_status":"closed","ping_status":"closed","template":"","meta":{"footnotes":""},"categories":[25,17],"class_list":["post-62","page","type-page","status-publish","has-post-thumbnail","hentry","category-magan-rendezvenyek","category-rendezvenyek"],"acpt":{"meta":[{"meta_box":"kartya-infok","meta_fields":[{"name":"kartya-pozicio","type":"Number","options":[],"value":"5","default":"","required":false,"showInAdmin":false},{"name":"kartya-cim","type":"Text","options":[],"value":"F\u00fcrd\u0151s grillez\u0151s t\u00far\u00e1k","default":"","required":false,"showInAdmin":false},{"name":"leiras","type":"Textarea","options":[],"value":"Mag\u00e1nrendezv\u00e9nyekre a Balatonon haj\u00f3ink fed\u00e9lzet\u00e9t k\u00edn\u00e1ljuk, a rendezv\u00e9nyhelysz\u00edn multi funkci\u00f3s, sz\u00e1mos szolg\u00e1ltat\u00e1s el\u00e9rhet\u0151 rajta\r\nF\u00fcrd\u0151s grillez\u0151s t\u00far\u00e1k","default":"","required":false,"showInAdmin":false},{"name":"kep","type":"Image","options":[],"value":"https:\/\/tflotta.hu\/wp-content\/uploads\/2024\/06\/siofoki-setahajo.webp","default":"","required":false,"showInAdmin":false}]},{"meta_box":"hajoberles-arak-oldalak","meta_fields":[{"name":"felnot-ar","type":"Text","options":[],"value":null,"default":"","required":false,"showInAdmin":false},{"name":"gyerek-2-14-ev","type":"Text","options":[],"value":null,"default":"","required":false,"showInAdmin":false},{"name":"gyerek-2-alatt","type":"Text","options":[],"value":null,"default":"","required":false,"showInAdmin":false}]}]},"_links":{"self":[{"href":"https:\/\/tflotta.hu\/pl\/wp-json\/wp\/v2\/pages\/62","targetHints":{"allow":["GET"]}}],"collection":[{"href":"https:\/\/tflotta.hu\/pl\/wp-json\/wp\/v2\/pages"}],"about":[{"href":"https:\/\/tflotta.hu\/pl\/wp-json\/wp\/v2\/types\/page"}],"author":[{"embeddable":true,"href":"https:\/\/tflotta.hu\/pl\/wp-json\/wp\/v2\/users\/1"}],"replies":[{"embeddable":true,"href":"https:\/\/tflotta.hu\/pl\/wp-json\/wp\/v2\/comments?post=62"}],"version-history":[{"count":2,"href":"https:\/\/tflotta.hu\/pl\/wp-json\/wp\/v2\/pages\/62\/revisions"}],"predecessor-version":[{"id":1751,"href":"https:\/\/tflotta.hu\/pl\/wp-json\/wp\/v2\/pages\/62\/revisions\/1751"}],"wp:featuredmedia":[{"embeddable":true,"href":"https:\/\/tflotta.hu\/pl\/wp-json\/wp\/v2\/media\/383"}],"wp:attachment":[{"href":"https:\/\/tflotta.hu\/pl\/wp-json\/wp\/v2\/media?parent=62"}],"wp:term":[{"taxonomy":"category","embeddable":true,"href":"https:\/\/tflotta.hu\/pl\/wp-json\/wp\/v2\/categories?post=62"}],"curies":[{"name":"wp","href":"https:\/\/api.w.org\/{rel}","templated":true}]}}