{"id":39,"date":"2024-05-14T13:09:29","date_gmt":"2024-05-14T11:09:29","guid":{"rendered":"https:\/\/tflottahu.rwpstaging.site\/?page_id=39"},"modified":"2025-07-13T11:15:28","modified_gmt":"2025-07-13T09:15:28","slug":"vizitaxi_hajo_berles","status":"publish","type":"page","link":"https:\/\/tflotta.hu\/pl\/vizitaxi_hajo_berles\/","title":{"rendered":"Wynajem taks\u00f3wek wodnych na Balatonie"},"content":{"rendered":"","protected":false},"excerpt":{"rendered":"","protected":false},"author":1,"featured_media":0,"parent":0,"menu_order":0,"comment_status":"closed","ping_status":"closed","template":"","meta":{"footnotes":""},"categories":[8],"class_list":["post-39","page","type-page","status-publish","hentry","category-hajoberles"],"acpt":{"meta":[{"meta_box":"kartya-infok","meta_fields":[{"name":"kartya-pozicio","type":"Number","options":[],"value":"14","default":"","required":false,"showInAdmin":false},{"name":"kartya-cim","type":"Text","options":[],"value":"Vizitaxi - motorcs\u00f3nak b\u00e9rl\u00e9s","default":"","required":false,"showInAdmin":false},{"name":"leiras","type":"Textarea","options":[],"value":"A 320 l\u00f3er\u0151s nagy sebess\u00e9g\u0171 szem\u00e9lysz\u00e1ll\u00edt\u00f3 motorcs\u00f3nakjainkkal v\u00edzitaxi szolg\u00e1ltat\u00e1sokat ny\u00fajtunk a Balatonon. A 12 f\u0151s speed boatok k\u00e9zenfekv\u0151 k\u00f6zleked\u00e9si eszk\u00f6zei a ny\u00e1ri Balatonnak.","default":"","required":false,"showInAdmin":false},{"name":"kep","type":"Image","options":[],"value":"https:\/\/tflotta.hu\/wp-content\/uploads\/2024\/05\/motorcsonak-berles.webp","default":"","required":false,"showInAdmin":false}]},{"meta_box":"hajoberles-arak-oldalak","meta_fields":[{"name":"felnot-ar","type":"Text","options":[],"value":null,"default":"","required":false,"showInAdmin":false},{"name":"gyerek-2-14-ev","type":"Text","options":[],"value":null,"default":"","required":false,"showInAdmin":false},{"name":"gyerek-2-alatt","type":"Text","options":[],"value":null,"default":"","required":false,"showInAdmin":false}]}]},"_links":{"self":[{"href":"https:\/\/tflotta.hu\/pl\/wp-json\/wp\/v2\/pages\/39","targetHints":{"allow":["GET"]}}],"collection":[{"href":"https:\/\/tflotta.hu\/pl\/wp-json\/wp\/v2\/pages"}],"about":[{"href":"https:\/\/tflotta.hu\/pl\/wp-json\/wp\/v2\/types\/page"}],"author":[{"embeddable":true,"href":"https:\/\/tflotta.hu\/pl\/wp-json\/wp\/v2\/users\/1"}],"replies":[{"embeddable":true,"href":"https:\/\/tflotta.hu\/pl\/wp-json\/wp\/v2\/comments?post=39"}],"version-history":[{"count":5,"href":"https:\/\/tflotta.hu\/pl\/wp-json\/wp\/v2\/pages\/39\/revisions"}],"predecessor-version":[{"id":2179,"href":"https:\/\/tflotta.hu\/pl\/wp-json\/wp\/v2\/pages\/39\/revisions\/2179"}],"wp:attachment":[{"href":"https:\/\/tflotta.hu\/pl\/wp-json\/wp\/v2\/media?parent=39"}],"wp:term":[{"taxonomy":"category","embeddable":true,"href":"https:\/\/tflotta.hu\/pl\/wp-json\/wp\/v2\/categories?post=39"}],"curies":[{"name":"wp","href":"https:\/\/api.w.org\/{rel}","templated":true}]}}