{"id":2095,"date":"2025-07-12T17:46:48","date_gmt":"2025-07-12T15:46:48","guid":{"rendered":"https:\/\/tflotta.hu\/?page_id=2095"},"modified":"2025-07-31T13:21:34","modified_gmt":"2025-07-31T11:21:34","slug":"disco-hajo-2","status":"publish","type":"page","link":"https:\/\/tflotta.hu\/pl\/disco-hajo-2\/","title":{"rendered":"\u0141\u00f3d\u017a dyskotekowa"},"content":{"rendered":"","protected":false},"excerpt":{"rendered":"","protected":false},"author":3,"featured_media":0,"parent":0,"menu_order":0,"comment_status":"closed","ping_status":"closed","template":"","meta":{"footnotes":""},"categories":[16],"class_list":["post-2095","page","type-page","status-publish","hentry","category-balatoni-programok"],"acpt":{"meta":[{"meta_box":"kartya-infok","meta_fields":[{"name":"kartya-pozicio","type":"Number","options":[],"value":"6","default":"","required":false,"showInAdmin":false},{"name":"kartya-cim","type":"Text","options":[],"value":"Disco haj\u00f3","default":"","required":false,"showInAdmin":false},{"name":"leiras","type":"Textarea","options":[],"value":"Si\u00f3fokon minden este disco haj\u00f3t ind\u00edtunk a ny\u00e1ri \u00e9jszakai Balatonra. Dupla \u00e9lm\u00e9ny azok sz\u00e1m\u00e1ra akik a Balatont \u00e9jszakai arc\u00e1ra is kibv\u00e1ncsiak \u00e9s szeretik a sl\u00e1ger sz\u00e1mokat.","default":"","required":false,"showInAdmin":false},{"name":"kep","type":"Image","options":[],"value":"https:\/\/tflotta.hu\/wp-content\/uploads\/2025\/07\/discohajo.webp","default":"","required":false,"showInAdmin":false}]},{"meta_box":"hajoberles-arak-oldalak","meta_fields":[{"name":"felnot-ar","type":"Text","options":[],"value":"Helysz\u00edni v\u00e1s\u00e1rl\u00e1s 6500 Ft ; Online id\u0151pontra: 3900 Ft","default":"","required":false,"showInAdmin":false},{"name":"gyerek-2-14-ev","type":"Text","options":[],"value":"Helysz\u00edni v\u00e1s\u00e1rl\u00e1s 5900 Ft ; Online id\u0151pontra: 2500 Ft","default":"","required":false,"showInAdmin":false},{"name":"gyerek-2-alatt","type":"Text","options":[],"value":"0","default":"","required":false,"showInAdmin":false}]}]},"_links":{"self":[{"href":"https:\/\/tflotta.hu\/pl\/wp-json\/wp\/v2\/pages\/2095","targetHints":{"allow":["GET"]}}],"collection":[{"href":"https:\/\/tflotta.hu\/pl\/wp-json\/wp\/v2\/pages"}],"about":[{"href":"https:\/\/tflotta.hu\/pl\/wp-json\/wp\/v2\/types\/page"}],"author":[{"embeddable":true,"href":"https:\/\/tflotta.hu\/pl\/wp-json\/wp\/v2\/users\/3"}],"replies":[{"embeddable":true,"href":"https:\/\/tflotta.hu\/pl\/wp-json\/wp\/v2\/comments?post=2095"}],"version-history":[{"count":13,"href":"https:\/\/tflotta.hu\/pl\/wp-json\/wp\/v2\/pages\/2095\/revisions"}],"predecessor-version":[{"id":2270,"href":"https:\/\/tflotta.hu\/pl\/wp-json\/wp\/v2\/pages\/2095\/revisions\/2270"}],"wp:attachment":[{"href":"https:\/\/tflotta.hu\/pl\/wp-json\/wp\/v2\/media?parent=2095"}],"wp:term":[{"taxonomy":"category","embeddable":true,"href":"https:\/\/tflotta.hu\/pl\/wp-json\/wp\/v2\/categories?post=2095"}],"curies":[{"name":"wp","href":"https:\/\/api.w.org\/{rel}","templated":true}]}}