{"id":103,"date":"2024-05-21T11:30:56","date_gmt":"2024-05-21T09:30:56","guid":{"rendered":"https:\/\/tflottahu.rwpstaging.site\/?page_id=103"},"modified":"2025-04-22T23:25:34","modified_gmt":"2025-04-22T21:25:34","slug":"gyerekzsur","status":"publish","type":"page","link":"https:\/\/tflotta.hu\/pl\/rendezvenyhelyszin\/gyerekzsur\/","title":{"rendered":"Wyb\u00f3r dzieci"},"content":{"rendered":"","protected":false},"excerpt":{"rendered":"","protected":false},"author":1,"featured_media":0,"parent":26,"menu_order":0,"comment_status":"closed","ping_status":"closed","template":"","meta":{"footnotes":""},"categories":[17],"class_list":["post-103","page","type-page","status-publish","hentry","category-rendezvenyek"],"acpt":{"meta":[{"meta_box":"kartya-infok","meta_fields":[{"name":"kartya-pozicio","type":"Number","options":[],"value":null,"default":"","required":false,"showInAdmin":false},{"name":"kartya-cim","type":"Text","options":[],"value":null,"default":"","required":false,"showInAdmin":false},{"name":"leiras","type":"Textarea","options":[],"value":"\u00dcnnepelje vel\u00fcnk sz\u00fclet\u00e9snapj\u00e1t! Az eg\u00e9szen kicsikt\u0151l az id\u0151sebb koroszt\u00e1ly sz\u00e1m\u00e1ra is felejthetetlen \u00e9lm\u00e9nyt jelent az \u00fcnnepl\u00e9s\u00fck egy vitorl\u00e1s yacht fed\u00e9lzet\u00e9n.","default":"","required":false,"showInAdmin":false},{"name":"kep","type":"Image","options":[],"value":"https:\/\/tflotta.hu\/wp-content\/uploads\/2024\/06\/gyerekzsur-rendezveny.webp","default":"","required":false,"showInAdmin":false}]},{"meta_box":"hajoberles-arak-oldalak","meta_fields":[{"name":"felnot-ar","type":"Text","options":[],"value":null,"default":"","required":false,"showInAdmin":false},{"name":"gyerek-2-14-ev","type":"Text","options":[],"value":null,"default":"","required":false,"showInAdmin":false},{"name":"gyerek-2-alatt","type":"Text","options":[],"value":null,"default":"","required":false,"showInAdmin":false}]}]},"_links":{"self":[{"href":"https:\/\/tflotta.hu\/pl\/wp-json\/wp\/v2\/pages\/103","targetHints":{"allow":["GET"]}}],"collection":[{"href":"https:\/\/tflotta.hu\/pl\/wp-json\/wp\/v2\/pages"}],"about":[{"href":"https:\/\/tflotta.hu\/pl\/wp-json\/wp\/v2\/types\/page"}],"author":[{"embeddable":true,"href":"https:\/\/tflotta.hu\/pl\/wp-json\/wp\/v2\/users\/1"}],"replies":[{"embeddable":true,"href":"https:\/\/tflotta.hu\/pl\/wp-json\/wp\/v2\/comments?post=103"}],"version-history":[{"count":2,"href":"https:\/\/tflotta.hu\/pl\/wp-json\/wp\/v2\/pages\/103\/revisions"}],"predecessor-version":[{"id":1824,"href":"https:\/\/tflotta.hu\/pl\/wp-json\/wp\/v2\/pages\/103\/revisions\/1824"}],"up":[{"embeddable":true,"href":"https:\/\/tflotta.hu\/pl\/wp-json\/wp\/v2\/pages\/26"}],"wp:attachment":[{"href":"https:\/\/tflotta.hu\/pl\/wp-json\/wp\/v2\/media?parent=103"}],"wp:term":[{"taxonomy":"category","embeddable":true,"href":"https:\/\/tflotta.hu\/pl\/wp-json\/wp\/v2\/categories?post=103"}],"curies":[{"name":"wp","href":"https:\/\/api.w.org\/{rel}","templated":true}]}}