{"id":99,"date":"2024-05-21T11:29:42","date_gmt":"2024-05-21T09:29:42","guid":{"rendered":"https:\/\/tflottahu.rwpstaging.site\/?page_id=99"},"modified":"2025-04-22T22:59:52","modified_gmt":"2025-04-22T20:59:52","slug":"outdoor-csapatepites","status":"publish","type":"page","link":"https:\/\/tflotta.hu\/en\/csapatepites\/outdoor-csapatepites\/","title":{"rendered":"Outdoor team building"},"content":{"rendered":"","protected":false},"excerpt":{"rendered":"","protected":false},"author":1,"featured_media":0,"parent":24,"menu_order":0,"comment_status":"closed","ping_status":"closed","template":"","meta":{"footnotes":""},"categories":[18],"class_list":["post-99","page","type-page","status-publish","hentry","category-csapatepites"],"acpt":{"meta":[{"meta_box":"kartya-infok","meta_fields":[{"name":"kartya-pozicio","type":"Number","options":[],"value":null,"default":"","required":false,"showInAdmin":false},{"name":"kartya-cim","type":"Text","options":[],"value":null,"default":"","required":false,"showInAdmin":false},{"name":"leiras","type":"Textarea","options":[],"value":"Outdoor csapat\u00e9p\u00edt\u0151 programjainkat megrendel\u0151inkre szabjuk legyen az Budapesten vagy egy t\u00e9rer\u0151 n\u00e9lk\u00fcli helysz\u00ednen.\r\nAz extr\u00e9m feladatokt\u00f3l a \u201ek\u00f6tetlen\u201d kikapcsol\u00f3d\u00e1sig k\u00edn\u00e1lunk lehet\u0151s\u00e9geket a l\u00e9tsz\u00e1mt\u00f3l f\u00fcggetlen\u00fcl.","default":"","required":false,"showInAdmin":false},{"name":"kep","type":"Image","options":[],"value":null,"default":"","required":false,"showInAdmin":false}]},{"meta_box":"hajoberles-arak-oldalak","meta_fields":[{"name":"felnot-ar","type":"Text","options":[],"value":null,"default":"","required":false,"showInAdmin":false},{"name":"gyerek-2-14-ev","type":"Text","options":[],"value":null,"default":"","required":false,"showInAdmin":false},{"name":"gyerek-2-alatt","type":"Text","options":[],"value":null,"default":"","required":false,"showInAdmin":false}]}]},"_links":{"self":[{"href":"https:\/\/tflotta.hu\/en\/wp-json\/wp\/v2\/pages\/99","targetHints":{"allow":["GET"]}}],"collection":[{"href":"https:\/\/tflotta.hu\/en\/wp-json\/wp\/v2\/pages"}],"about":[{"href":"https:\/\/tflotta.hu\/en\/wp-json\/wp\/v2\/types\/page"}],"author":[{"embeddable":true,"href":"https:\/\/tflotta.hu\/en\/wp-json\/wp\/v2\/users\/1"}],"replies":[{"embeddable":true,"href":"https:\/\/tflotta.hu\/en\/wp-json\/wp\/v2\/comments?post=99"}],"version-history":[{"count":1,"href":"https:\/\/tflotta.hu\/en\/wp-json\/wp\/v2\/pages\/99\/revisions"}],"predecessor-version":[{"id":1814,"href":"https:\/\/tflotta.hu\/en\/wp-json\/wp\/v2\/pages\/99\/revisions\/1814"}],"up":[{"embeddable":true,"href":"https:\/\/tflotta.hu\/en\/wp-json\/wp\/v2\/pages\/24"}],"wp:attachment":[{"href":"https:\/\/tflotta.hu\/en\/wp-json\/wp\/v2\/media?parent=99"}],"wp:term":[{"taxonomy":"category","embeddable":true,"href":"https:\/\/tflotta.hu\/en\/wp-json\/wp\/v2\/categories?post=99"}],"curies":[{"name":"wp","href":"https:\/\/api.w.org\/{rel}","templated":true}]}}