{"id":95,"date":"2024-05-21T11:25:02","date_gmt":"2024-05-21T09:25:02","guid":{"rendered":"https:\/\/tflottahu.rwpstaging.site\/?page_id=95"},"modified":"2025-07-11T14:25:56","modified_gmt":"2025-07-11T12:25:56","slug":"vitorlas-csapatepites","status":"publish","type":"page","link":"https:\/\/tflotta.hu\/en\/csapatepites\/vitorlas-csapatepites\/","title":{"rendered":"Sailing Team building"},"content":{"rendered":"","protected":false},"excerpt":{"rendered":"","protected":false},"author":1,"featured_media":0,"parent":24,"menu_order":0,"comment_status":"closed","ping_status":"closed","template":"","meta":{"footnotes":""},"categories":[18],"class_list":["post-95","page","type-page","status-publish","hentry","category-csapatepites"],"acpt":{"meta":[{"meta_box":"kartya-infok","meta_fields":[{"name":"kartya-pozicio","type":"Number","options":[],"value":null,"default":"","required":false,"showInAdmin":false},{"name":"kartya-cim","type":"Text","options":[],"value":null,"default":"","required":false,"showInAdmin":false},{"name":"leiras","type":"Textarea","options":[],"value":"Balatonon, haj\u00f3s vitorl\u00e1s csapat\u00e9p\u00edt\u00e9s \u2013 ez a mi specialit\u00e1sunk. A legnagyobb balatoni haj\u00f3kt\u00f3l a legkisebb vitorl\u00e1sig, szem\u00e9lysz\u00e1ll\u00edt\u00f3 motorcs\u00f3nakjainkig \u00e9s mindenig ami \u00faszik \u00e9s kev\u00e9sb\u00e9 \u00faszik, felszerel\u00e9sek bevon\u00e1s\u00e1val szervezz\u00fck csapat\u00e9p\u00edt\u00e9seinket \u00e9s outdoor programjainkat.","default":"","required":false,"showInAdmin":false},{"name":"kep","type":"Image","options":[],"value":"https:\/\/tflotta.hu\/wp-content\/uploads\/2024\/07\/csapatepites-arboc.webp","default":"","required":false,"showInAdmin":false}]},{"meta_box":"hajoberles-arak-oldalak","meta_fields":[{"name":"felnot-ar","type":"Text","options":[],"value":null,"default":"","required":false,"showInAdmin":false},{"name":"gyerek-2-14-ev","type":"Text","options":[],"value":null,"default":"","required":false,"showInAdmin":false},{"name":"gyerek-2-alatt","type":"Text","options":[],"value":null,"default":"","required":false,"showInAdmin":false}]}]},"_links":{"self":[{"href":"https:\/\/tflotta.hu\/en\/wp-json\/wp\/v2\/pages\/95","targetHints":{"allow":["GET"]}}],"collection":[{"href":"https:\/\/tflotta.hu\/en\/wp-json\/wp\/v2\/pages"}],"about":[{"href":"https:\/\/tflotta.hu\/en\/wp-json\/wp\/v2\/types\/page"}],"author":[{"embeddable":true,"href":"https:\/\/tflotta.hu\/en\/wp-json\/wp\/v2\/users\/1"}],"replies":[{"embeddable":true,"href":"https:\/\/tflotta.hu\/en\/wp-json\/wp\/v2\/comments?post=95"}],"version-history":[{"count":3,"href":"https:\/\/tflotta.hu\/en\/wp-json\/wp\/v2\/pages\/95\/revisions"}],"predecessor-version":[{"id":1970,"href":"https:\/\/tflotta.hu\/en\/wp-json\/wp\/v2\/pages\/95\/revisions\/1970"}],"up":[{"embeddable":true,"href":"https:\/\/tflotta.hu\/en\/wp-json\/wp\/v2\/pages\/24"}],"wp:attachment":[{"href":"https:\/\/tflotta.hu\/en\/wp-json\/wp\/v2\/media?parent=95"}],"wp:term":[{"taxonomy":"category","embeddable":true,"href":"https:\/\/tflotta.hu\/en\/wp-json\/wp\/v2\/categories?post=95"}],"curies":[{"name":"wp","href":"https:\/\/api.w.org\/{rel}","templated":true}]}}