{"id":44,"date":"2024-05-14T13:13:15","date_gmt":"2024-05-14T11:13:15","guid":{"rendered":"https:\/\/tflottahu.rwpstaging.site\/?page_id=44"},"modified":"2025-04-25T23:17:12","modified_gmt":"2025-04-25T21:17:12","slug":"vitorlasberles-balatonon","status":"publish","type":"page","link":"https:\/\/tflotta.hu\/en\/vitorlasberles-balatonon\/","title":{"rendered":"Sailboat rental on Lake Balaton"},"content":{"rendered":"","protected":false},"excerpt":{"rendered":"","protected":false},"author":1,"featured_media":0,"parent":0,"menu_order":0,"comment_status":"closed","ping_status":"closed","template":"","meta":{"footnotes":""},"categories":[8],"class_list":["post-44","page","type-page","status-publish","hentry","category-hajoberles"],"acpt":{"meta":[{"meta_box":"kartya-infok","meta_fields":[{"name":"kartya-pozicio","type":"Number","options":[],"value":"11","default":"","required":false,"showInAdmin":false},{"name":"kartya-cim","type":"Text","options":[],"value":"Vitorl\u00e1s b\u00e9rl\u00e9s Balatonon","default":"","required":false,"showInAdmin":false},{"name":"leiras","type":"Textarea","options":[],"value":"Vitorl\u00e1s b\u00e9rl\u00e9s Balatonon szolg\u00e1ltat\u00e1sunk minden kateg\u00f3ri\u00e1ra kiterjed.  Bav\u00e1ria, F\u00fcke, Balaton 31, Neptun , Sud\u00e1r t\u00edpusok mellett a 12 f\u0151n\u00e9l nagyobb t\u00e1rsas\u00e1gok sz\u00e1m\u00e1ra is k\u00edn\u00e1lunk vitorl\u00e1sokat b\u00e9rl\u00e9sre Si\u00f3fok b\u00e1zissal.","default":"","required":false,"showInAdmin":false},{"name":"kep","type":"Image","options":[],"value":"https:\/\/tflotta.hu\/wp-content\/uploads\/2025\/04\/vitorlas-berles-neptun-legi.webp","default":"","required":false,"showInAdmin":false}]},{"meta_box":"hajoberles-arak-oldalak","meta_fields":[{"name":"felnot-ar","type":"Text","options":[],"value":null,"default":"","required":false,"showInAdmin":false},{"name":"gyerek-2-14-ev","type":"Text","options":[],"value":null,"default":"","required":false,"showInAdmin":false},{"name":"gyerek-2-alatt","type":"Text","options":[],"value":null,"default":"","required":false,"showInAdmin":false}]}]},"_links":{"self":[{"href":"https:\/\/tflotta.hu\/en\/wp-json\/wp\/v2\/pages\/44","targetHints":{"allow":["GET"]}}],"collection":[{"href":"https:\/\/tflotta.hu\/en\/wp-json\/wp\/v2\/pages"}],"about":[{"href":"https:\/\/tflotta.hu\/en\/wp-json\/wp\/v2\/types\/page"}],"author":[{"embeddable":true,"href":"https:\/\/tflotta.hu\/en\/wp-json\/wp\/v2\/users\/1"}],"replies":[{"embeddable":true,"href":"https:\/\/tflotta.hu\/en\/wp-json\/wp\/v2\/comments?post=44"}],"version-history":[{"count":19,"href":"https:\/\/tflotta.hu\/en\/wp-json\/wp\/v2\/pages\/44\/revisions"}],"predecessor-version":[{"id":1967,"href":"https:\/\/tflotta.hu\/en\/wp-json\/wp\/v2\/pages\/44\/revisions\/1967"}],"wp:attachment":[{"href":"https:\/\/tflotta.hu\/en\/wp-json\/wp\/v2\/media?parent=44"}],"wp:term":[{"taxonomy":"category","embeddable":true,"href":"https:\/\/tflotta.hu\/en\/wp-json\/wp\/v2\/categories?post=44"}],"curies":[{"name":"wp","href":"https:\/\/api.w.org\/{rel}","templated":true}]}}