{"id":42,"date":"2024-05-14T13:10:22","date_gmt":"2024-05-14T11:10:22","guid":{"rendered":"https:\/\/tflottahu.rwpstaging.site\/?page_id=42"},"modified":"2025-06-12T14:35:01","modified_gmt":"2025-06-12T12:35:01","slug":"elektromos-hajo-berles","status":"publish","type":"page","link":"https:\/\/tflotta.hu\/en\/elektromos-hajo-berles\/","title":{"rendered":"Electric boat rental in Siofok"},"content":{"rendered":"","protected":false},"excerpt":{"rendered":"","protected":false},"author":1,"featured_media":0,"parent":0,"menu_order":0,"comment_status":"closed","ping_status":"closed","template":"","meta":{"footnotes":""},"categories":[8],"class_list":["post-42","page","type-page","status-publish","hentry","category-hajoberles"],"acpt":{"meta":[{"meta_box":"kartya-infok","meta_fields":[{"name":"kartya-pozicio","type":"Number","options":[],"value":"16","default":"","required":false,"showInAdmin":false},{"name":"kartya-cim","type":"Text","options":[],"value":"Elektromos haj\u00f3b\u00e9r\u00e9sek Si\u00f3fokon","default":"","required":false,"showInAdmin":false},{"name":"leiras","type":"Textarea","options":[],"value":"Elektromos haj\u00f3 b\u00e9rl\u00e9si lehet\u0151s\u00e9g Balatonon \u00e9s e-boat haj\u00f3\u00e9rt\u00e9kes\u00edt\u00e9s. Hamarosan el\u00e9rhet\u0151v\u00e9 v\u00e1lnak elektromos haj\u00f3ink b\u00e9rl\u00e9si lehet\u0151s\u00e9ggel (els\u0151sorban Si\u00f3fok, Balatonf\u00fcred helysz\u00ednekr\u0151l).","default":"","required":false,"showInAdmin":false},{"name":"kep","type":"Image","options":[],"value":"https:\/\/tflotta.hu\/wp-content\/uploads\/2025\/04\/elektromos-hajoberles-balaton.webp","default":"","required":false,"showInAdmin":false}]},{"meta_box":"hajoberles-arak-oldalak","meta_fields":[{"name":"felnot-ar","type":"Text","options":[],"value":null,"default":"","required":false,"showInAdmin":false},{"name":"gyerek-2-14-ev","type":"Text","options":[],"value":null,"default":"","required":false,"showInAdmin":false},{"name":"gyerek-2-alatt","type":"Text","options":[],"value":null,"default":"","required":false,"showInAdmin":false}]}]},"_links":{"self":[{"href":"https:\/\/tflotta.hu\/en\/wp-json\/wp\/v2\/pages\/42","targetHints":{"allow":["GET"]}}],"collection":[{"href":"https:\/\/tflotta.hu\/en\/wp-json\/wp\/v2\/pages"}],"about":[{"href":"https:\/\/tflotta.hu\/en\/wp-json\/wp\/v2\/types\/page"}],"author":[{"embeddable":true,"href":"https:\/\/tflotta.hu\/en\/wp-json\/wp\/v2\/users\/1"}],"replies":[{"embeddable":true,"href":"https:\/\/tflotta.hu\/en\/wp-json\/wp\/v2\/comments?post=42"}],"version-history":[{"count":4,"href":"https:\/\/tflotta.hu\/en\/wp-json\/wp\/v2\/pages\/42\/revisions"}],"predecessor-version":[{"id":1947,"href":"https:\/\/tflotta.hu\/en\/wp-json\/wp\/v2\/pages\/42\/revisions\/1947"}],"wp:attachment":[{"href":"https:\/\/tflotta.hu\/en\/wp-json\/wp\/v2\/media?parent=42"}],"wp:term":[{"taxonomy":"category","embeddable":true,"href":"https:\/\/tflotta.hu\/en\/wp-json\/wp\/v2\/categories?post=42"}],"curies":[{"name":"wp","href":"https:\/\/api.w.org\/{rel}","templated":true}]}}