{"id":101,"date":"2024-05-21T11:30:17","date_gmt":"2024-05-21T09:30:17","guid":{"rendered":"https:\/\/tflottahu.rwpstaging.site\/?page_id=101"},"modified":"2025-04-22T22:58:53","modified_gmt":"2025-04-22T20:58:53","slug":"indoor-csapatepites","status":"publish","type":"page","link":"https:\/\/tflotta.hu\/en\/csapatepites\/indoor-csapatepites\/","title":{"rendered":"Indoor team building"},"content":{"rendered":"","protected":false},"excerpt":{"rendered":"","protected":false},"author":1,"featured_media":0,"parent":24,"menu_order":0,"comment_status":"closed","ping_status":"closed","template":"","meta":{"footnotes":""},"categories":[18],"class_list":["post-101","page","type-page","status-publish","hentry","category-csapatepites"],"acpt":{"meta":[{"meta_box":"kartya-infok","meta_fields":[{"name":"kartya-pozicio","type":"Number","options":[],"value":null,"default":"","required":false,"showInAdmin":false},{"name":"kartya-cim","type":"Text","options":[],"value":null,"default":"","required":false,"showInAdmin":false},{"name":"leiras","type":"Textarea","options":[],"value":"Balatoni \u00e9s budapesti sz\u00e1ll\u00e1s partnereinken kereszt\u00fcl alkalmas helysz\u00edneket tudnak biztos\u00edtani n\u00e9h\u00e1ny f\u0151s minitr\u00e9ningt\u0151l kezdve egy t\u00f6bb sz\u00e1z f\u0151s v\u00e1llalati rendezv\u00e9nyig, de k\u00e9pzett tr\u00e9nereinkkel \u00e9s rendezv\u00e9nyszervez\u0151 koll\u00e9g\u00e1inkkal az orsz\u00e1g eg\u00e9sz ter\u00fclet\u00e9n v\u00e1llaljuk tr\u00e9ningek, teambuildingek, konferenci\u00e1k \u00e9s v\u00e1llalati rendezv\u00e9nyek komplett megszervez\u00e9s\u00e9t \u00e9s lebonyol\u00edt\u00e1s\u00e1t.","default":"","required":false,"showInAdmin":false},{"name":"kep","type":"Image","options":[],"value":null,"default":"","required":false,"showInAdmin":false}]},{"meta_box":"hajoberles-arak-oldalak","meta_fields":[{"name":"felnot-ar","type":"Text","options":[],"value":null,"default":"","required":false,"showInAdmin":false},{"name":"gyerek-2-14-ev","type":"Text","options":[],"value":null,"default":"","required":false,"showInAdmin":false},{"name":"gyerek-2-alatt","type":"Text","options":[],"value":null,"default":"","required":false,"showInAdmin":false}]}]},"_links":{"self":[{"href":"https:\/\/tflotta.hu\/en\/wp-json\/wp\/v2\/pages\/101","targetHints":{"allow":["GET"]}}],"collection":[{"href":"https:\/\/tflotta.hu\/en\/wp-json\/wp\/v2\/pages"}],"about":[{"href":"https:\/\/tflotta.hu\/en\/wp-json\/wp\/v2\/types\/page"}],"author":[{"embeddable":true,"href":"https:\/\/tflotta.hu\/en\/wp-json\/wp\/v2\/users\/1"}],"replies":[{"embeddable":true,"href":"https:\/\/tflotta.hu\/en\/wp-json\/wp\/v2\/comments?post=101"}],"version-history":[{"count":1,"href":"https:\/\/tflotta.hu\/en\/wp-json\/wp\/v2\/pages\/101\/revisions"}],"predecessor-version":[{"id":1813,"href":"https:\/\/tflotta.hu\/en\/wp-json\/wp\/v2\/pages\/101\/revisions\/1813"}],"up":[{"embeddable":true,"href":"https:\/\/tflotta.hu\/en\/wp-json\/wp\/v2\/pages\/24"}],"wp:attachment":[{"href":"https:\/\/tflotta.hu\/en\/wp-json\/wp\/v2\/media?parent=101"}],"wp:term":[{"taxonomy":"category","embeddable":true,"href":"https:\/\/tflotta.hu\/en\/wp-json\/wp\/v2\/categories?post=101"}],"curies":[{"name":"wp","href":"https:\/\/api.w.org\/{rel}","templated":true}]}}