{"id":74,"date":"2024-05-14T16:22:09","date_gmt":"2024-05-14T14:22:09","guid":{"rendered":"https:\/\/tflottahu.rwpstaging.site\/?page_id=74"},"modified":"2026-03-10T11:33:00","modified_gmt":"2026-03-10T10:33:00","slug":"legenybucsu","status":"publish","type":"page","link":"https:\/\/tflotta.hu\/de\/legenybucsu\/","title":{"rendered":"Junggesellenabschied"},"content":{"rendered":"","protected":false},"excerpt":{"rendered":"","protected":false},"author":1,"featured_media":0,"parent":0,"menu_order":0,"comment_status":"closed","ping_status":"closed","template":"","meta":{"footnotes":""},"categories":[17],"class_list":["post-74","page","type-page","status-publish","hentry","category-rendezvenyek"],"acpt":{"meta":[{"meta_box":"kartya-infok","meta_fields":[{"name":"kartya-pozicio","type":"Number","options":[],"value":null,"default":"","required":false,"showInAdmin":false},{"name":"kartya-cim","type":"Text","options":[],"value":null,"default":"","required":false,"showInAdmin":false},{"name":"leiras","type":"Textarea","options":[],"value":"T\u00f6ltsd az est\u00e9t egy exkluz\u00edv vitorl\u00e1s yachton, \u00e9s egy fergeteges programban lesz r\u00e9szed, k\u00fcl\u00f6nleges helysz\u00ednekkel, igazi balatoni party hangulattal.","default":"","required":false,"showInAdmin":false},{"name":"kep","type":"Image","options":[],"value":"https:\/\/tflotta.hu\/wp-content\/uploads\/2024\/06\/legenybucsu.webp","default":"","required":false,"showInAdmin":false}]},{"meta_box":"hajoberles-arak-oldalak","meta_fields":[{"name":"felnot-ar","type":"Text","options":[],"value":null,"default":"","required":false,"showInAdmin":false},{"name":"gyerek-2-14-ev","type":"Text","options":[],"value":null,"default":"","required":false,"showInAdmin":false},{"name":"gyerek-2-alatt","type":"Text","options":[],"value":null,"default":"","required":false,"showInAdmin":false}]}]},"_links":{"self":[{"href":"https:\/\/tflotta.hu\/de\/wp-json\/wp\/v2\/pages\/74","targetHints":{"allow":["GET"]}}],"collection":[{"href":"https:\/\/tflotta.hu\/de\/wp-json\/wp\/v2\/pages"}],"about":[{"href":"https:\/\/tflotta.hu\/de\/wp-json\/wp\/v2\/types\/page"}],"author":[{"embeddable":true,"href":"https:\/\/tflotta.hu\/de\/wp-json\/wp\/v2\/users\/1"}],"replies":[{"embeddable":true,"href":"https:\/\/tflotta.hu\/de\/wp-json\/wp\/v2\/comments?post=74"}],"version-history":[{"count":6,"href":"https:\/\/tflotta.hu\/de\/wp-json\/wp\/v2\/pages\/74\/revisions"}],"predecessor-version":[{"id":2355,"href":"https:\/\/tflotta.hu\/de\/wp-json\/wp\/v2\/pages\/74\/revisions\/2355"}],"wp:attachment":[{"href":"https:\/\/tflotta.hu\/de\/wp-json\/wp\/v2\/media?parent=74"}],"wp:term":[{"taxonomy":"category","embeddable":true,"href":"https:\/\/tflotta.hu\/de\/wp-json\/wp\/v2\/categories?post=74"}],"curies":[{"name":"wp","href":"https:\/\/api.w.org\/{rel}","templated":true}]}}