{"id":66,"date":"2024-05-14T16:19:27","date_gmt":"2024-05-14T14:19:27","guid":{"rendered":"https:\/\/tflottahu.rwpstaging.site\/?page_id=66"},"modified":"2025-04-22T23:26:39","modified_gmt":"2025-04-22T21:26:39","slug":"rendezvenyszervezes","status":"publish","type":"page","link":"https:\/\/tflotta.hu\/de\/rendezvenyszervezes\/","title":{"rendered":"Veranstaltungsmanagement"},"content":{"rendered":"","protected":false},"excerpt":{"rendered":"","protected":false},"author":1,"featured_media":0,"parent":0,"menu_order":0,"comment_status":"closed","ping_status":"closed","template":"","meta":{"footnotes":""},"categories":[18],"class_list":["post-66","page","type-page","status-publish","hentry","category-csapatepites"],"acpt":{"meta":[{"meta_box":"kartya-infok","meta_fields":[{"name":"kartya-pozicio","type":"Number","options":[],"value":null,"default":"","required":false,"showInAdmin":false},{"name":"kartya-cim","type":"Text","options":[],"value":null,"default":"","required":false,"showInAdmin":false},{"name":"leiras","type":"Textarea","options":[],"value":"\u00c1ltal\u00e1nos inform\u00e1ci\u00f3k haj\u00f3s rendez\u00e9nyeink kapcs\u00e1n.","default":"","required":false,"showInAdmin":false},{"name":"kep","type":"Image","options":[],"value":null,"default":"","required":false,"showInAdmin":false}]},{"meta_box":"hajoberles-arak-oldalak","meta_fields":[{"name":"felnot-ar","type":"Text","options":[],"value":null,"default":"","required":false,"showInAdmin":false},{"name":"gyerek-2-14-ev","type":"Text","options":[],"value":null,"default":"","required":false,"showInAdmin":false},{"name":"gyerek-2-alatt","type":"Text","options":[],"value":null,"default":"","required":false,"showInAdmin":false}]}]},"_links":{"self":[{"href":"https:\/\/tflotta.hu\/de\/wp-json\/wp\/v2\/pages\/66","targetHints":{"allow":["GET"]}}],"collection":[{"href":"https:\/\/tflotta.hu\/de\/wp-json\/wp\/v2\/pages"}],"about":[{"href":"https:\/\/tflotta.hu\/de\/wp-json\/wp\/v2\/types\/page"}],"author":[{"embeddable":true,"href":"https:\/\/tflotta.hu\/de\/wp-json\/wp\/v2\/users\/1"}],"replies":[{"embeddable":true,"href":"https:\/\/tflotta.hu\/de\/wp-json\/wp\/v2\/comments?post=66"}],"version-history":[{"count":1,"href":"https:\/\/tflotta.hu\/de\/wp-json\/wp\/v2\/pages\/66\/revisions"}],"predecessor-version":[{"id":1825,"href":"https:\/\/tflotta.hu\/de\/wp-json\/wp\/v2\/pages\/66\/revisions\/1825"}],"wp:attachment":[{"href":"https:\/\/tflotta.hu\/de\/wp-json\/wp\/v2\/media?parent=66"}],"wp:term":[{"taxonomy":"category","embeddable":true,"href":"https:\/\/tflotta.hu\/de\/wp-json\/wp\/v2\/categories?post=66"}],"curies":[{"name":"wp","href":"https:\/\/api.w.org\/{rel}","templated":true}]}}