{"id":48,"date":"2024-05-14T15:41:55","date_gmt":"2024-05-14T13:41:55","guid":{"rendered":"https:\/\/tflottahu.rwpstaging.site\/?page_id=48"},"modified":"2025-04-22T22:53:01","modified_gmt":"2025-04-22T20:53:01","slug":"bavaria_hajoberles_balatonon","status":"publish","type":"page","link":"https:\/\/tflotta.hu\/de\/bavaria_hajoberles_balatonon\/","title":{"rendered":"Bavaria haj\u00f3b\u00e9rl\u00e9s Balaton"},"content":{"rendered":"","protected":false},"excerpt":{"rendered":"","protected":false},"author":1,"featured_media":1051,"parent":0,"menu_order":0,"comment_status":"closed","ping_status":"closed","template":"","meta":{"footnotes":""},"categories":[],"class_list":["post-48","page","type-page","status-publish","has-post-thumbnail","hentry"],"acpt":{"meta":[{"meta_box":"kartya-infok","meta_fields":[{"name":"kartya-pozicio","type":"Number","options":[],"value":null,"default":"","required":false,"showInAdmin":false},{"name":"kartya-cim","type":"Text","options":[],"value":"Bavaria haj\u00f3b\u00e9rl\u00e9s","default":"","required":false,"showInAdmin":false},{"name":"leiras","type":"Textarea","options":[],"value":"Balatonon k\u00edn\u00e1lunk 32-46 l\u00e1bas pr\u00e9mium haj\u00f3kkal vitorl\u00e1sb\u00e9rl\u00e9si lehet\u0151s\u00e9get Bavaria, F\u00fcke t\u00edpusokkal, ig\u00e9ny eset\u00e9n haj\u00f3vezet\u0151vel egy\u00fctt. Az egy napos b\u00e9rl\u00e9st\u0151l a hetes k\u00f6lcs\u00f6nz\u00e9s is megoldhat\u00f3, ig\u00e9ny eset\u00e9n haj\u00f3vezet\u0151vel is.","default":"","required":false,"showInAdmin":false},{"name":"kep","type":"Image","options":[],"value":"https:\/\/tflotta.hu\/wp-content\/uploads\/2024\/07\/bavaria-hajoberles.webp","default":"","required":false,"showInAdmin":false}]},{"meta_box":"hajoberles-arak-oldalak","meta_fields":[{"name":"felnot-ar","type":"Text","options":[],"value":null,"default":"","required":false,"showInAdmin":false},{"name":"gyerek-2-14-ev","type":"Text","options":[],"value":null,"default":"","required":false,"showInAdmin":false},{"name":"gyerek-2-alatt","type":"Text","options":[],"value":null,"default":"","required":false,"showInAdmin":false}]}]},"_links":{"self":[{"href":"https:\/\/tflotta.hu\/de\/wp-json\/wp\/v2\/pages\/48","targetHints":{"allow":["GET"]}}],"collection":[{"href":"https:\/\/tflotta.hu\/de\/wp-json\/wp\/v2\/pages"}],"about":[{"href":"https:\/\/tflotta.hu\/de\/wp-json\/wp\/v2\/types\/page"}],"author":[{"embeddable":true,"href":"https:\/\/tflotta.hu\/de\/wp-json\/wp\/v2\/users\/1"}],"replies":[{"embeddable":true,"href":"https:\/\/tflotta.hu\/de\/wp-json\/wp\/v2\/comments?post=48"}],"version-history":[{"count":1,"href":"https:\/\/tflotta.hu\/de\/wp-json\/wp\/v2\/pages\/48\/revisions"}],"predecessor-version":[{"id":1745,"href":"https:\/\/tflotta.hu\/de\/wp-json\/wp\/v2\/pages\/48\/revisions\/1745"}],"wp:featuredmedia":[{"embeddable":true,"href":"https:\/\/tflotta.hu\/de\/wp-json\/wp\/v2\/media\/1051"}],"wp:attachment":[{"href":"https:\/\/tflotta.hu\/de\/wp-json\/wp\/v2\/media?parent=48"}],"wp:term":[{"taxonomy":"category","embeddable":true,"href":"https:\/\/tflotta.hu\/de\/wp-json\/wp\/v2\/categories?post=48"}],"curies":[{"name":"wp","href":"https:\/\/api.w.org\/{rel}","templated":true}]}}